{"id":660,"date":"2024-08-30T15:04:39","date_gmt":"2024-08-30T15:04:39","guid":{"rendered":"https:\/\/internationalbusinesslounge.com\/?page_id=660"},"modified":"2025-02-19T11:09:44","modified_gmt":"2025-02-19T11:09:44","slug":"exencion-de-responsabilidad-disclaimer","status":"publish","type":"page","link":"https:\/\/internationalbusinesslounge.com\/?page_id=660&lang=es","title":{"rendered":"Aviso Legal"},"content":{"rendered":"\t\t<div data-elementor-type=\"wp-page\" data-elementor-id=\"660\" class=\"elementor elementor-660 elementor-119\">\n\t\t\t\t<div class=\"elementor-element elementor-element-3c7dfa8 e-flex e-con-boxed e-con e-parent\" data-id=\"3c7dfa8\" data-element_type=\"container\" data-e-type=\"container\">\n\t\t\t\t\t<div class=\"e-con-inner\">\n\t\t\t\t<div class=\"elementor-element elementor-element-2b50089 elementor-widget elementor-widget-heading\" data-id=\"2b50089\" data-element_type=\"widget\" data-e-type=\"widget\" data-widget_type=\"heading.default\">\n\t\t\t\t\t<h2 class=\"elementor-heading-title elementor-size-default\">AVISO LEGAL<\/h2>\t\t\t\t<\/div>\n\t\t\t\t<div class=\"elementor-element elementor-element-e10b1e3 elementor-widget elementor-widget-text-editor\" data-id=\"e10b1e3\" data-element_type=\"widget\" data-e-type=\"widget\" data-widget_type=\"text-editor.default\">\n\t\t\t\t\t\t\t\t\t<ol>\n<li><strong> Introducci\u00f3n<\/strong><br \/>\n1.1.<br \/>\nEste descargo de responsabilidad de la empresa: INTERNATIONAL BUSINESS LOUNGE tiene la finalidad de informar, a efectos legales, a los visitantes de este sitio web sobre las limitaciones de responsabilidad y las advertencias legales en relaci\u00f3n con el uso de los servicios ofrecidos y el contenido de INTERNATIONAL BUSINESS LOUNGE.<\/li>\n<li><strong> \u00c1mbito de Aplicaci\u00f3n<\/strong><br \/>\n2.1.<br \/>\n\u00c1mbito de validez: Este descargo de responsabilidad se aplica a nivel mundial a todos los servicios online y offline de INTERNATIONAL BUSINESS LOUNGE, incluidos, pero no limitados a, el sitio web, sistemas CRM, comunicaci\u00f3n electr\u00f3nica, eventos en l\u00ednea y canales de redes sociales.<br \/>\n2.2.<br \/>\nP\u00fablico destinatario: El descargo de responsabilidad est\u00e1 dirigido a todos los visitantes del sitio web, clientes, socios comerciales y usuarios de los servicios ofrecidos.<\/li>\n<li><strong> Informaci\u00f3n General<\/strong><br \/>\n3.1.<br \/>\nNo constituye una oferta contractual: La informaci\u00f3n proporcionada en este sitio web no constituye una oferta vinculante. Se trata de informaci\u00f3n meramente orientativa, destinada exclusivamente a fines informativos generales.<br \/>\n3.2.<br \/>\nSin garant\u00eda de actualidad, exactitud e integridad: El contenido de este sitio web ha sido elaborado con sumo cuidado; sin embargo, no se garantiza su actualidad, exactitud ni integridad. La informaci\u00f3n puede estar desactualizada o contener errores.<br \/>\n3.3.<br \/>\nReserva de derechos de modificaci\u00f3n: INTERNATIONAL BUSINESS LOUNGE se reserva el derecho de modificar, complementar o eliminar el contenido de este sitio web en cualquier momento y sin previo aviso.<\/li>\n<li><strong> Limitaciones de Responsabilidad<\/strong><br \/>\n4.1.<br \/>\nContenido del sitio web<br \/>\n4.2.<br \/>\nContenido propio: La responsabilidad por el contenido propio del sitio web se rige por lo dispuesto en el \u00a7 7, apartado 1 de la TMG. No se garantiza su integridad, actualidad ni exactitud.<br \/>\n4.3.<br \/>\nEnlaces externos: El sitio web contiene enlaces a sitios web de terceros, sobre cuyo contenido INTERNATIONAL BUSINESS LOUNGE no tiene influencia. La responsabilidad por el contenido de las p\u00e1ginas enlazadas corresponde siempre al proveedor u operador de dichas p\u00e1ginas (\u00a7\u00a7 8-10 TMG). Por ello, se excluye cualquier responsabilidad por el contenido de enlaces externos.<br \/>\n4.4.<br \/>\nDisponibilidad t\u00e9cnica: INTERNATIONAL BUSINESS LOUNGE no asume ninguna responsabilidad por la disponibilidad t\u00e9cnica ininterrumpida del sitio web ni por su funcionamiento sin interrupciones. La eventual indisponibilidad temporal del sitio web puede ocurrir y no da derecho a reclamar indemnizaci\u00f3n alguna.<br \/>\n4.5.<br \/>\nReclamaciones por da\u00f1os: Las reclamaciones por da\u00f1os y perjuicios contra INTERNATIONAL BUSINESS LOUNGE quedan excluidas, salvo que se deriven de un comportamiento intencional o de una negligencia grave. Se excluye cualquier responsabilidad por da\u00f1os indirectos, p\u00e9rdida de beneficios o da\u00f1os consecuentes.<\/li>\n<li><strong> Servicios<\/strong><br \/>\n5.1.<br \/>\nOrganizaci\u00f3n de ferias<br \/>\n5.2.<br \/>\nINTERNATIONAL BUSINESS LOUNGE no se hace responsable de cambios, cancelaciones o aplazamientos de ferias realizados por terceros. Asimismo, no se garantiza la consecuci\u00f3n de determinados \u00e9xitos comerciales mediante la participaci\u00f3n en las ferias organizadas por nosotros.<br \/>\n5.3.<br \/>\nEstablecimiento de empresas<br \/>\n5.4.<br \/>\nSe excluye la responsabilidad por la emisi\u00f3n de permisos por parte de las autoridades en el marco del establecimiento de empresas. Asimismo, INTERNATIONAL BUSINESS LOUNGE no asume responsabilidad alguna por la legalidad de los establecimientos realizados.<br \/>\n5.5.<br \/>\nEventos en l\u00ednea<br \/>\n5.6.<br \/>\nNo se asume responsabilidad alguna por fallos t\u00e9cnicos o interrupciones durante la realizaci\u00f3n de eventos en l\u00ednea. Se recomienda a los participantes asegurarse de que su equipamiento t\u00e9cnico y conexi\u00f3n cumplen con los requisitos necesarios.<br \/>\n5.7.<br \/>\nActividades de asesoramiento<br \/>\n5.8.<br \/>\nLa informaci\u00f3n proporcionada en el marco de las actividades de asesoramiento es meramente orientativa y no constituye garant\u00eda de exactitud o integridad. Las decisiones tomadas sobre la base de dicho asesoramiento son de exclusiva responsabilidad del cliente.<\/li>\n<li><strong> Datos Relevantes para el CRM<\/strong><br \/>\n6.1.<br \/>\nProtecci\u00f3n de datos: El tratamiento de datos personales se efect\u00faa de conformidad con lo dispuesto en el Reglamento General de Protecci\u00f3n de Datos (RGPD). Para obtener informaci\u00f3n adicional, consulte nuestra <a href=\"https:\/\/chatgpt.com\/c\/Datenschutzlink\">Pol\u00edtica de Privacidad<\/a>.<br \/>\n6.2.<br \/>\nUso de datos: Los datos personales no ser\u00e1n cedidos a terceros sin el consentimiento expreso de la persona afectada, salvo que sea necesario para la ejecuci\u00f3n de un contrato.<br \/>\n6.3.<br \/>\nDerecho de acceso y supresi\u00f3n: Las personas afectadas tienen el derecho de obtener, en cualquier momento, informaci\u00f3n sobre los datos personales almacenados, as\u00ed como de solicitar la rectificaci\u00f3n, eliminaci\u00f3n o bloqueo de dichos datos conforme a los Art\u00edculos 15 a 18 del RGPD.<\/li>\n<li><strong> Medios y Canales de Redes Sociales<\/strong><br \/>\n7.1.<br \/>\nContenidos en redes sociales: INTERNATIONAL BUSINESS LOUNGE no se hace responsable de los contenidos difundidos a trav\u00e9s de plataformas de redes sociales de terceros. Los comentarios y publicaciones en dichas plataformas no reflejan necesariamente la opini\u00f3n de INTERNATIONAL BUSINESS LOUNGE.<br \/>\n7.2.<br \/>\nDerechos de autor: El contenido y las obras presentes en este sitio web est\u00e1n protegidos por la legislaci\u00f3n alemana sobre derechos de autor. Las contribuciones de terceros se identifican como tales. Toda reproducci\u00f3n, modificaci\u00f3n, distribuci\u00f3n o cualquier forma de explotaci\u00f3n que exceda los l\u00edmites legales requerir\u00e1 el consentimiento por escrito del respectivo autor o creador.<\/li>\n<li><strong> Derecho de Marcas y Se\u00f1ales Distintivas<\/strong><br \/>\n8.1.<br \/>\nDerechos de marca: Todas las marcas y logotipos mencionados en este sitio web est\u00e1n sujetos a las disposiciones de la legislaci\u00f3n vigente sobre marcas y a los derechos de propiedad de los respectivos titulares registrados. La mera menci\u00f3n no implica que se infrinjan los derechos de terceros.<br \/>\n8.2.<br \/>\nMarcas de terceros: La menci\u00f3n de marcas de terceros tiene fines meramente descriptivos y no constituye una infracci\u00f3n de los derechos de los titulares de dichas marcas.<\/li>\n<li><strong> Validez Legal del Descargo de Responsabilidad<\/strong><br \/>\n9.1. Salvaguarda: En caso de que alguna disposici\u00f3n de este descargo de responsabilidad sea o se vuelva inv\u00e1lida, la validez de las dem\u00e1s disposiciones no se ver\u00e1 afectada. En lugar de la disposici\u00f3n inv\u00e1lida se aplicar\u00e1 una norma legalmente admisible que se aproxime lo m\u00e1ximo posible al prop\u00f3sito econ\u00f3mico perseguido.<\/li>\n<li><strong> Jurisdicci\u00f3n y Ley Aplicable<\/strong><br \/>\n10.1. Elecci\u00f3n de ley: Se aplicar\u00e1 la legislaci\u00f3n de la Rep\u00fablica Federal de Alemania, con exclusi\u00f3n de la Convenci\u00f3n de las Naciones Unidas sobre los Contratos de Compraventa Internacional de Mercader\u00edas.<br \/>\n10.2. Jurisdicci\u00f3n: El foro exclusivo para todas las controversias derivadas del uso del sitio web y de los servicios ofrecidos ser\u00e1 el del domicilio de INTERNATIONAL BUSINESS LOUNGE en Alemania.<\/li>\n<\/ol>\n<p><strong>Referencias:<\/strong><\/p>\n<p>Telemediengesetz (TMG), \u00a7\u00a7 7-10 TMG, URL: <a href=\"https:\/\/www.gesetze-im-internet.de\/tmg\/\">https:\/\/www.gesetze-im-internet.de\/tmg\/<\/a><br \/>\nReglamento General de Protecci\u00f3n de Datos (RGPD), Art. 15-18 RGPD, URL: <a href=\"https:\/\/eur-lex.europa.eu\/legal-content\/DE\/TXT\/?uri=CELEX%3A32016R0679\">https:\/\/eur-lex.europa.eu\/legal-content\/DE\/TXT\/?uri=CELEX%3A32016R0679<\/a><\/p>\n<p>Este descargo de responsabilidad ha sido elaborado conforme al mejor conocimiento y teniendo en cuenta el marco legal vigente en Alemania. Se recomienda revisar el texto peri\u00f3dicamente para detectar actualizaciones y, en caso de dudas legales, consultar a un abogado especializado.<\/p>\n\t\t\t\t\t\t\t\t<\/div>\n\t\t\t\t\t<\/div>\n\t\t\t\t<\/div>\n\t\t\t\t<\/div>\n\t\t","protected":false},"excerpt":{"rendered":"<p>AVISO LEGAL Introducci\u00f3n 1.1. Este descargo de responsabilidad de la empresa: INTERNATIONAL BUSINESS LOUNGE tiene la finalidad de informar, a [&hellip;]<\/p>\n","protected":false},"author":1,"featured_media":0,"parent":0,"menu_order":0,"comment_status":"closed","ping_status":"closed","template":"elementor_canvas","meta":{"site-sidebar-layout":"no-sidebar","site-content-layout":"","ast-site-content-layout":"full-width-container","site-content-style":"default","site-sidebar-style":"default","ast-global-header-display":"","ast-banner-title-visibility":"","ast-main-header-display":"","ast-hfb-above-header-display":"","ast-hfb-below-header-display":"","ast-hfb-mobile-header-display":"","site-post-title":"disabled","ast-breadcrumbs-content":"","ast-featured-img":"disabled","footer-sml-layout":"","theme-transparent-header-meta":"","adv-header-id-meta":"","stick-header-meta":"","header-above-stick-meta":"","header-main-stick-meta":"","header-below-stick-meta":"","astra-migrate-meta-layouts":"default","ast-page-background-enabled":"default","ast-page-background-meta":{"desktop":{"background-color":"var(--ast-global-color-4)","background-image":"","background-repeat":"repeat","background-position":"center center","background-size":"auto","background-attachment":"scroll","background-type":"","background-media":"","overlay-type":"","overlay-color":"","overlay-opacity":"","overlay-gradient":""},"tablet":{"background-color":"","background-image":"","background-repeat":"repeat","background-position":"center center","background-size":"auto","background-attachment":"scroll","background-type":"","background-media":"","overlay-type":"","overlay-color":"","overlay-opacity":"","overlay-gradient":""},"mobile":{"background-color":"","background-image":"","background-repeat":"repeat","background-position":"center center","background-size":"auto","background-attachment":"scroll","background-type":"","background-media":"","overlay-type":"","overlay-color":"","overlay-opacity":"","overlay-gradient":""}},"ast-content-background-meta":{"desktop":{"background-color":"var(--ast-global-color-5)","background-image":"","background-repeat":"repeat","background-position":"center center","background-size":"auto","background-attachment":"scroll","background-type":"","background-media":"","overlay-type":"","overlay-color":"","overlay-opacity":"","overlay-gradient":""},"tablet":{"background-color":"var(--ast-global-color-5)","background-image":"","background-repeat":"repeat","background-position":"center center","background-size":"auto","background-attachment":"scroll","background-type":"","background-media":"","overlay-type":"","overlay-color":"","overlay-opacity":"","overlay-gradient":""},"mobile":{"background-color":"var(--ast-global-color-5)","background-image":"","background-repeat":"repeat","background-position":"center center","background-size":"auto","background-attachment":"scroll","background-type":"","background-media":"","overlay-type":"","overlay-color":"","overlay-opacity":"","overlay-gradient":""}},"footnotes":""},"class_list":["post-660","page","type-page","status-publish","hentry"],"yoast_head":"<!-- This site is optimized with the Yoast SEO plugin v27.4 - https:\/\/yoast.com\/product\/yoast-seo-wordpress\/ -->\n<title>Aviso Legal - internationalbusinesslounge<\/title>\n<meta name=\"robots\" content=\"index, follow, max-snippet:-1, max-image-preview:large, max-video-preview:-1\" \/>\n<link rel=\"canonical\" href=\"https:\/\/internationalbusinesslounge.com\/?page_id=660\" \/>\n<meta property=\"og:locale\" content=\"de_DE\" \/>\n<meta property=\"og:type\" content=\"article\" \/>\n<meta property=\"og:title\" content=\"Aviso Legal - internationalbusinesslounge\" \/>\n<meta property=\"og:description\" content=\"AVISO LEGAL Introducci\u00f3n 1.1. Este descargo de responsabilidad de la empresa: INTERNATIONAL BUSINESS LOUNGE tiene la finalidad de informar, a [&hellip;]\" \/>\n<meta property=\"og:url\" content=\"https:\/\/internationalbusinesslounge.com\/?page_id=660&amp;lang=es\" \/>\n<meta property=\"og:site_name\" content=\"internationalbusinesslounge\" \/>\n<meta property=\"article:modified_time\" content=\"2025-02-19T11:09:44+00:00\" \/>\n<meta name=\"twitter:card\" content=\"summary_large_image\" \/>\n<meta name=\"twitter:label1\" content=\"Gesch\u00e4tzte Lesezeit\" \/>\n\t<meta name=\"twitter:data1\" content=\"5\u00a0Minuten\" \/>\n<script type=\"application\/ld+json\" class=\"yoast-schema-graph\">{\"@context\":\"https:\\\/\\\/schema.org\",\"@graph\":[{\"@type\":\"WebPage\",\"@id\":\"https:\\\/\\\/internationalbusinesslounge.com\\\/?page_id=660&lang=es\",\"url\":\"https:\\\/\\\/internationalbusinesslounge.com\\\/?page_id=660&lang=es\",\"name\":\"Aviso Legal - internationalbusinesslounge\",\"isPartOf\":{\"@id\":\"https:\\\/\\\/internationalbusinesslounge.com\\\/#website\"},\"datePublished\":\"2024-08-30T15:04:39+00:00\",\"dateModified\":\"2025-02-19T11:09:44+00:00\",\"breadcrumb\":{\"@id\":\"https:\\\/\\\/internationalbusinesslounge.com\\\/?page_id=660&lang=es#breadcrumb\"},\"inLanguage\":\"de\",\"potentialAction\":[{\"@type\":\"ReadAction\",\"target\":[\"https:\\\/\\\/internationalbusinesslounge.com\\\/?page_id=660&lang=es\"]}]},{\"@type\":\"BreadcrumbList\",\"@id\":\"https:\\\/\\\/internationalbusinesslounge.com\\\/?page_id=660&lang=es#breadcrumb\",\"itemListElement\":[{\"@type\":\"ListItem\",\"position\":1,\"name\":\"Home\",\"item\":\"https:\\\/\\\/internationalbusinesslounge.com\\\/\"},{\"@type\":\"ListItem\",\"position\":2,\"name\":\"Aviso Legal\"}]},{\"@type\":\"WebSite\",\"@id\":\"https:\\\/\\\/internationalbusinesslounge.com\\\/#website\",\"url\":\"https:\\\/\\\/internationalbusinesslounge.com\\\/\",\"name\":\"internationalbusinesslounge\",\"description\":\"\",\"publisher\":{\"@id\":\"https:\\\/\\\/internationalbusinesslounge.com\\\/#organization\"},\"potentialAction\":[{\"@type\":\"SearchAction\",\"target\":{\"@type\":\"EntryPoint\",\"urlTemplate\":\"https:\\\/\\\/internationalbusinesslounge.com\\\/?s={search_term_string}\"},\"query-input\":{\"@type\":\"PropertyValueSpecification\",\"valueRequired\":true,\"valueName\":\"search_term_string\"}}],\"inLanguage\":\"de\"},{\"@type\":\"Organization\",\"@id\":\"https:\\\/\\\/internationalbusinesslounge.com\\\/#organization\",\"name\":\"INTERNATIONAL BUSINESS LOUNGE\",\"url\":\"https:\\\/\\\/internationalbusinesslounge.com\\\/\",\"logo\":{\"@type\":\"ImageObject\",\"inLanguage\":\"de\",\"@id\":\"https:\\\/\\\/internationalbusinesslounge.com\\\/#\\\/schema\\\/logo\\\/image\\\/\",\"url\":\"https:\\\/\\\/internationalbusinesslounge.com\\\/wp-content\\\/uploads\\\/2024\\\/08\\\/logo-transparent-png.png\",\"contentUrl\":\"https:\\\/\\\/internationalbusinesslounge.com\\\/wp-content\\\/uploads\\\/2024\\\/08\\\/logo-transparent-png.png\",\"width\":4000,\"height\":1396,\"caption\":\"INTERNATIONAL BUSINESS LOUNGE\"},\"image\":{\"@id\":\"https:\\\/\\\/internationalbusinesslounge.com\\\/#\\\/schema\\\/logo\\\/image\\\/\"}}]}<\/script>\n<!-- \/ Yoast SEO plugin. -->","yoast_head_json":{"title":"Aviso Legal - internationalbusinesslounge","robots":{"index":"index","follow":"follow","max-snippet":"max-snippet:-1","max-image-preview":"max-image-preview:large","max-video-preview":"max-video-preview:-1"},"canonical":"https:\/\/internationalbusinesslounge.com\/?page_id=660","og_locale":"de_DE","og_type":"article","og_title":"Aviso Legal - internationalbusinesslounge","og_description":"AVISO LEGAL Introducci\u00f3n 1.1. Este descargo de responsabilidad de la empresa: INTERNATIONAL BUSINESS LOUNGE tiene la finalidad de informar, a [&hellip;]","og_url":"https:\/\/internationalbusinesslounge.com\/?page_id=660&lang=es","og_site_name":"internationalbusinesslounge","article_modified_time":"2025-02-19T11:09:44+00:00","twitter_card":"summary_large_image","twitter_misc":{"Gesch\u00e4tzte Lesezeit":"5\u00a0Minuten"},"schema":{"@context":"https:\/\/schema.org","@graph":[{"@type":"WebPage","@id":"https:\/\/internationalbusinesslounge.com\/?page_id=660&lang=es","url":"https:\/\/internationalbusinesslounge.com\/?page_id=660&lang=es","name":"Aviso Legal - internationalbusinesslounge","isPartOf":{"@id":"https:\/\/internationalbusinesslounge.com\/#website"},"datePublished":"2024-08-30T15:04:39+00:00","dateModified":"2025-02-19T11:09:44+00:00","breadcrumb":{"@id":"https:\/\/internationalbusinesslounge.com\/?page_id=660&lang=es#breadcrumb"},"inLanguage":"de","potentialAction":[{"@type":"ReadAction","target":["https:\/\/internationalbusinesslounge.com\/?page_id=660&lang=es"]}]},{"@type":"BreadcrumbList","@id":"https:\/\/internationalbusinesslounge.com\/?page_id=660&lang=es#breadcrumb","itemListElement":[{"@type":"ListItem","position":1,"name":"Home","item":"https:\/\/internationalbusinesslounge.com\/"},{"@type":"ListItem","position":2,"name":"Aviso Legal"}]},{"@type":"WebSite","@id":"https:\/\/internationalbusinesslounge.com\/#website","url":"https:\/\/internationalbusinesslounge.com\/","name":"internationalbusinesslounge","description":"","publisher":{"@id":"https:\/\/internationalbusinesslounge.com\/#organization"},"potentialAction":[{"@type":"SearchAction","target":{"@type":"EntryPoint","urlTemplate":"https:\/\/internationalbusinesslounge.com\/?s={search_term_string}"},"query-input":{"@type":"PropertyValueSpecification","valueRequired":true,"valueName":"search_term_string"}}],"inLanguage":"de"},{"@type":"Organization","@id":"https:\/\/internationalbusinesslounge.com\/#organization","name":"INTERNATIONAL BUSINESS LOUNGE","url":"https:\/\/internationalbusinesslounge.com\/","logo":{"@type":"ImageObject","inLanguage":"de","@id":"https:\/\/internationalbusinesslounge.com\/#\/schema\/logo\/image\/","url":"https:\/\/internationalbusinesslounge.com\/wp-content\/uploads\/2024\/08\/logo-transparent-png.png","contentUrl":"https:\/\/internationalbusinesslounge.com\/wp-content\/uploads\/2024\/08\/logo-transparent-png.png","width":4000,"height":1396,"caption":"INTERNATIONAL BUSINESS LOUNGE"},"image":{"@id":"https:\/\/internationalbusinesslounge.com\/#\/schema\/logo\/image\/"}}]}},"_links":{"self":[{"href":"https:\/\/internationalbusinesslounge.com\/index.php?rest_route=\/wp\/v2\/pages\/660","targetHints":{"allow":["GET"]}}],"collection":[{"href":"https:\/\/internationalbusinesslounge.com\/index.php?rest_route=\/wp\/v2\/pages"}],"about":[{"href":"https:\/\/internationalbusinesslounge.com\/index.php?rest_route=\/wp\/v2\/types\/page"}],"author":[{"embeddable":true,"href":"https:\/\/internationalbusinesslounge.com\/index.php?rest_route=\/wp\/v2\/users\/1"}],"replies":[{"embeddable":true,"href":"https:\/\/internationalbusinesslounge.com\/index.php?rest_route=%2Fwp%2Fv2%2Fcomments&post=660"}],"version-history":[{"count":15,"href":"https:\/\/internationalbusinesslounge.com\/index.php?rest_route=\/wp\/v2\/pages\/660\/revisions"}],"predecessor-version":[{"id":1029,"href":"https:\/\/internationalbusinesslounge.com\/index.php?rest_route=\/wp\/v2\/pages\/660\/revisions\/1029"}],"wp:attachment":[{"href":"https:\/\/internationalbusinesslounge.com\/index.php?rest_route=%2Fwp%2Fv2%2Fmedia&parent=660"}],"curies":[{"name":"wp","href":"https:\/\/api.w.org\/{rel}","templated":true}]}}