{"id":1030,"date":"2024-08-30T14:58:24","date_gmt":"2024-08-30T14:58:24","guid":{"rendered":"https:\/\/internationalbusinesslounge.com\/?page_id=1030"},"modified":"2025-02-19T11:18:24","modified_gmt":"2025-02-19T11:18:24","slug":"editoria","status":"publish","type":"page","link":"https:\/\/internationalbusinesslounge.com\/?page_id=1030&lang=pt-br","title":{"rendered":"Editoria"},"content":{"rendered":"\t\t<div data-elementor-type=\"wp-page\" data-elementor-id=\"1030\" class=\"elementor elementor-1030 elementor-104\">\n\t\t\t\t<div class=\"elementor-element elementor-element-9f620bd e-flex e-con-boxed e-con e-parent\" data-id=\"9f620bd\" data-element_type=\"container\" data-e-type=\"container\">\n\t\t\t\t\t<div class=\"e-con-inner\">\n\t\t\t\t<div class=\"elementor-element elementor-element-c359f31 elementor-widget elementor-widget-heading\" data-id=\"c359f31\" data-element_type=\"widget\" data-e-type=\"widget\" data-widget_type=\"heading.default\">\n\t\t\t\t\t<h2 class=\"elementor-heading-title elementor-size-default\">EDITORIA \/ IMPRESSUM<\/h2>\t\t\t\t<\/div>\n\t\t\t\t<div class=\"elementor-element elementor-element-ed3f63a elementor-widget elementor-widget-text-editor\" data-id=\"ed3f63a\" data-element_type=\"widget\" data-e-type=\"widget\" data-widget_type=\"text-editor.default\">\n\t\t\t\t\t\t\t\t\t<p>INTERNATIONAL BUSINESS LOUNGE<br \/>\nRoscherstr. 12<br \/>\n30161 Hannover | Alemanha<br \/>\nTelefone: +49 (0)177 3 07 07 8 3<br \/>\nE-mail: <a href=\"mailto:jose.german.barrera@internationalbusinesslounge.com\">jose.german.barrera@internationalbusinesslounge.com<\/a><br \/>\nWebsite: <a href=\"http:\/\/www.internationalbusinesslounge.com\/\">www.internationalbusinesslounge.com<\/a><br \/>\nN\u00famero de contribuinte conforme \u00a7 4 Abs. 3 EStG: 24 \/ 102 \/ 01843<br \/>\nDiretor Executivo e respons\u00e1vel pelo conte\u00fado: Jos\u00e9 Germ\u00e1n Barrera<br \/>\nRespons\u00e1vel pelo conte\u00fado conforme \u00a75 TMG: Jos\u00e9 Germ\u00e1n Barrera<br \/>\nWebdesign e realiza\u00e7\u00e3o: Jos\u00e9 Germ\u00e1n Barrera<br \/>\nTemplate: WordPress<br \/>\nFontes das imagens: Jos\u00e9 Germ\u00e1n Barrera<\/p>\n<p><strong>AVISO IMPORTANTE:<\/strong><br \/>\nA autoriza\u00e7\u00e3o para agir em nome da empresa \u00e9 exclusiva do propriet\u00e1rio, Sr. Jos\u00e9 Germ\u00e1n Barrera. Nenhum neg\u00f3cio legal ou de outra natureza poder\u00e1 ser realizado sem a autoriza\u00e7\u00e3o expressa e por escrito do propriet\u00e1rio, Sr. Jos\u00e9 Germ\u00e1n Barrera.<\/p>\n\t\t\t\t\t\t\t\t<\/div>\n\t\t\t\t\t<\/div>\n\t\t\t\t<\/div>\n\t\t\t\t<\/div>\n\t\t","protected":false},"excerpt":{"rendered":"<p>EDITORIA \/ IMPRESSUM INTERNATIONAL BUSINESS LOUNGE Roscherstr. 12 30161 Hannover | Alemanha Telefone: +49 (0)177 3 07 07 8 3 [&hellip;]<\/p>\n","protected":false},"author":1,"featured_media":0,"parent":0,"menu_order":0,"comment_status":"closed","ping_status":"closed","template":"elementor_canvas","meta":{"site-sidebar-layout":"no-sidebar","site-content-layout":"","ast-site-content-layout":"full-width-container","site-content-style":"default","site-sidebar-style":"default","ast-global-header-display":"","ast-banner-title-visibility":"","ast-main-header-display":"","ast-hfb-above-header-display":"","ast-hfb-below-header-display":"","ast-hfb-mobile-header-display":"","site-post-title":"disabled","ast-breadcrumbs-content":"","ast-featured-img":"disabled","footer-sml-layout":"","theme-transparent-header-meta":"","adv-header-id-meta":"","stick-header-meta":"","header-above-stick-meta":"","header-main-stick-meta":"","header-below-stick-meta":"","astra-migrate-meta-layouts":"default","ast-page-background-enabled":"default","ast-page-background-meta":{"desktop":{"background-color":"var(--ast-global-color-4)","background-image":"","background-repeat":"repeat","background-position":"center center","background-size":"auto","background-attachment":"scroll","background-type":"","background-media":"","overlay-type":"","overlay-color":"","overlay-opacity":"","overlay-gradient":""},"tablet":{"background-color":"","background-image":"","background-repeat":"repeat","background-position":"center center","background-size":"auto","background-attachment":"scroll","background-type":"","background-media":"","overlay-type":"","overlay-color":"","overlay-opacity":"","overlay-gradient":""},"mobile":{"background-color":"","background-image":"","background-repeat":"repeat","background-position":"center center","background-size":"auto","background-attachment":"scroll","background-type":"","background-media":"","overlay-type":"","overlay-color":"","overlay-opacity":"","overlay-gradient":""}},"ast-content-background-meta":{"desktop":{"background-color":"var(--ast-global-color-5)","background-image":"","background-repeat":"repeat","background-position":"center center","background-size":"auto","background-attachment":"scroll","background-type":"","background-media":"","overlay-type":"","overlay-color":"","overlay-opacity":"","overlay-gradient":""},"tablet":{"background-color":"var(--ast-global-color-5)","background-image":"","background-repeat":"repeat","background-position":"center center","background-size":"auto","background-attachment":"scroll","background-type":"","background-media":"","overlay-type":"","overlay-color":"","overlay-opacity":"","overlay-gradient":""},"mobile":{"background-color":"var(--ast-global-color-5)","background-image":"","background-repeat":"repeat","background-position":"center center","background-size":"auto","background-attachment":"scroll","background-type":"","background-media":"","overlay-type":"","overlay-color":"","overlay-opacity":"","overlay-gradient":""}},"footnotes":""},"class_list":["post-1030","page","type-page","status-publish","hentry"],"yoast_head":"<!-- This site is optimized with the Yoast SEO plugin v27.5 - https:\/\/yoast.com\/product\/yoast-seo-wordpress\/ -->\n<title>Editoria - internationalbusinesslounge<\/title>\n<meta name=\"robots\" content=\"index, follow, max-snippet:-1, max-image-preview:large, max-video-preview:-1\" \/>\n<link rel=\"canonical\" href=\"https:\/\/internationalbusinesslounge.com\/?page_id=1030\" \/>\n<meta property=\"og:locale\" content=\"de_DE\" \/>\n<meta property=\"og:type\" content=\"article\" \/>\n<meta property=\"og:title\" content=\"Editoria - internationalbusinesslounge\" \/>\n<meta property=\"og:description\" content=\"EDITORIA \/ IMPRESSUM INTERNATIONAL BUSINESS LOUNGE Roscherstr. 12 30161 Hannover | Alemanha Telefone: +49 (0)177 3 07 07 8 3 [&hellip;]\" \/>\n<meta property=\"og:url\" content=\"https:\/\/internationalbusinesslounge.com\/?page_id=1030&amp;lang=pt-br\" \/>\n<meta property=\"og:site_name\" content=\"internationalbusinesslounge\" \/>\n<meta property=\"article:modified_time\" content=\"2025-02-19T11:18:24+00:00\" \/>\n<meta name=\"twitter:card\" content=\"summary_large_image\" \/>\n<meta name=\"twitter:label1\" content=\"Gesch\u00e4tzte Lesezeit\" \/>\n\t<meta name=\"twitter:data1\" content=\"1\u00a0Minute\" \/>\n<script type=\"application\/ld+json\" class=\"yoast-schema-graph\">{\"@context\":\"https:\\\/\\\/schema.org\",\"@graph\":[{\"@type\":\"WebPage\",\"@id\":\"https:\\\/\\\/internationalbusinesslounge.com\\\/?page_id=1030&lang=pt-br\",\"url\":\"https:\\\/\\\/internationalbusinesslounge.com\\\/?page_id=1030&lang=pt-br\",\"name\":\"Editoria - internationalbusinesslounge\",\"isPartOf\":{\"@id\":\"https:\\\/\\\/internationalbusinesslounge.com\\\/#website\"},\"datePublished\":\"2024-08-30T14:58:24+00:00\",\"dateModified\":\"2025-02-19T11:18:24+00:00\",\"breadcrumb\":{\"@id\":\"https:\\\/\\\/internationalbusinesslounge.com\\\/?page_id=1030&lang=pt-br#breadcrumb\"},\"inLanguage\":\"de\",\"potentialAction\":[{\"@type\":\"ReadAction\",\"target\":[\"https:\\\/\\\/internationalbusinesslounge.com\\\/?page_id=1030&lang=pt-br\"]}]},{\"@type\":\"BreadcrumbList\",\"@id\":\"https:\\\/\\\/internationalbusinesslounge.com\\\/?page_id=1030&lang=pt-br#breadcrumb\",\"itemListElement\":[{\"@type\":\"ListItem\",\"position\":1,\"name\":\"Home\",\"item\":\"https:\\\/\\\/internationalbusinesslounge.com\\\/\"},{\"@type\":\"ListItem\",\"position\":2,\"name\":\"Editoria\"}]},{\"@type\":\"WebSite\",\"@id\":\"https:\\\/\\\/internationalbusinesslounge.com\\\/#website\",\"url\":\"https:\\\/\\\/internationalbusinesslounge.com\\\/\",\"name\":\"internationalbusinesslounge\",\"description\":\"\",\"publisher\":{\"@id\":\"https:\\\/\\\/internationalbusinesslounge.com\\\/#organization\"},\"potentialAction\":[{\"@type\":\"SearchAction\",\"target\":{\"@type\":\"EntryPoint\",\"urlTemplate\":\"https:\\\/\\\/internationalbusinesslounge.com\\\/?s={search_term_string}\"},\"query-input\":{\"@type\":\"PropertyValueSpecification\",\"valueRequired\":true,\"valueName\":\"search_term_string\"}}],\"inLanguage\":\"de\"},{\"@type\":\"Organization\",\"@id\":\"https:\\\/\\\/internationalbusinesslounge.com\\\/#organization\",\"name\":\"INTERNATIONAL BUSINESS LOUNGE\",\"url\":\"https:\\\/\\\/internationalbusinesslounge.com\\\/\",\"logo\":{\"@type\":\"ImageObject\",\"inLanguage\":\"de\",\"@id\":\"https:\\\/\\\/internationalbusinesslounge.com\\\/#\\\/schema\\\/logo\\\/image\\\/\",\"url\":\"https:\\\/\\\/internationalbusinesslounge.com\\\/wp-content\\\/uploads\\\/2024\\\/08\\\/logo-transparent-png.png\",\"contentUrl\":\"https:\\\/\\\/internationalbusinesslounge.com\\\/wp-content\\\/uploads\\\/2024\\\/08\\\/logo-transparent-png.png\",\"width\":4000,\"height\":1396,\"caption\":\"INTERNATIONAL BUSINESS LOUNGE\"},\"image\":{\"@id\":\"https:\\\/\\\/internationalbusinesslounge.com\\\/#\\\/schema\\\/logo\\\/image\\\/\"}}]}<\/script>\n<!-- \/ Yoast SEO plugin. -->","yoast_head_json":{"title":"Editoria - internationalbusinesslounge","robots":{"index":"index","follow":"follow","max-snippet":"max-snippet:-1","max-image-preview":"max-image-preview:large","max-video-preview":"max-video-preview:-1"},"canonical":"https:\/\/internationalbusinesslounge.com\/?page_id=1030","og_locale":"de_DE","og_type":"article","og_title":"Editoria - internationalbusinesslounge","og_description":"EDITORIA \/ IMPRESSUM INTERNATIONAL BUSINESS LOUNGE Roscherstr. 12 30161 Hannover | Alemanha Telefone: +49 (0)177 3 07 07 8 3 [&hellip;]","og_url":"https:\/\/internationalbusinesslounge.com\/?page_id=1030&lang=pt-br","og_site_name":"internationalbusinesslounge","article_modified_time":"2025-02-19T11:18:24+00:00","twitter_card":"summary_large_image","twitter_misc":{"Gesch\u00e4tzte Lesezeit":"1\u00a0Minute"},"schema":{"@context":"https:\/\/schema.org","@graph":[{"@type":"WebPage","@id":"https:\/\/internationalbusinesslounge.com\/?page_id=1030&lang=pt-br","url":"https:\/\/internationalbusinesslounge.com\/?page_id=1030&lang=pt-br","name":"Editoria - internationalbusinesslounge","isPartOf":{"@id":"https:\/\/internationalbusinesslounge.com\/#website"},"datePublished":"2024-08-30T14:58:24+00:00","dateModified":"2025-02-19T11:18:24+00:00","breadcrumb":{"@id":"https:\/\/internationalbusinesslounge.com\/?page_id=1030&lang=pt-br#breadcrumb"},"inLanguage":"de","potentialAction":[{"@type":"ReadAction","target":["https:\/\/internationalbusinesslounge.com\/?page_id=1030&lang=pt-br"]}]},{"@type":"BreadcrumbList","@id":"https:\/\/internationalbusinesslounge.com\/?page_id=1030&lang=pt-br#breadcrumb","itemListElement":[{"@type":"ListItem","position":1,"name":"Home","item":"https:\/\/internationalbusinesslounge.com\/"},{"@type":"ListItem","position":2,"name":"Editoria"}]},{"@type":"WebSite","@id":"https:\/\/internationalbusinesslounge.com\/#website","url":"https:\/\/internationalbusinesslounge.com\/","name":"internationalbusinesslounge","description":"","publisher":{"@id":"https:\/\/internationalbusinesslounge.com\/#organization"},"potentialAction":[{"@type":"SearchAction","target":{"@type":"EntryPoint","urlTemplate":"https:\/\/internationalbusinesslounge.com\/?s={search_term_string}"},"query-input":{"@type":"PropertyValueSpecification","valueRequired":true,"valueName":"search_term_string"}}],"inLanguage":"de"},{"@type":"Organization","@id":"https:\/\/internationalbusinesslounge.com\/#organization","name":"INTERNATIONAL BUSINESS LOUNGE","url":"https:\/\/internationalbusinesslounge.com\/","logo":{"@type":"ImageObject","inLanguage":"de","@id":"https:\/\/internationalbusinesslounge.com\/#\/schema\/logo\/image\/","url":"https:\/\/internationalbusinesslounge.com\/wp-content\/uploads\/2024\/08\/logo-transparent-png.png","contentUrl":"https:\/\/internationalbusinesslounge.com\/wp-content\/uploads\/2024\/08\/logo-transparent-png.png","width":4000,"height":1396,"caption":"INTERNATIONAL BUSINESS LOUNGE"},"image":{"@id":"https:\/\/internationalbusinesslounge.com\/#\/schema\/logo\/image\/"}}]}},"_links":{"self":[{"href":"https:\/\/internationalbusinesslounge.com\/index.php?rest_route=\/wp\/v2\/pages\/1030","targetHints":{"allow":["GET"]}}],"collection":[{"href":"https:\/\/internationalbusinesslounge.com\/index.php?rest_route=\/wp\/v2\/pages"}],"about":[{"href":"https:\/\/internationalbusinesslounge.com\/index.php?rest_route=\/wp\/v2\/types\/page"}],"author":[{"embeddable":true,"href":"https:\/\/internationalbusinesslounge.com\/index.php?rest_route=\/wp\/v2\/users\/1"}],"replies":[{"embeddable":true,"href":"https:\/\/internationalbusinesslounge.com\/index.php?rest_route=%2Fwp%2Fv2%2Fcomments&post=1030"}],"version-history":[{"count":1,"href":"https:\/\/internationalbusinesslounge.com\/index.php?rest_route=\/wp\/v2\/pages\/1030\/revisions"}],"predecessor-version":[{"id":1031,"href":"https:\/\/internationalbusinesslounge.com\/index.php?rest_route=\/wp\/v2\/pages\/1030\/revisions\/1031"}],"wp:attachment":[{"href":"https:\/\/internationalbusinesslounge.com\/index.php?rest_route=%2Fwp%2Fv2%2Fmedia&parent=1030"}],"curies":[{"name":"wp","href":"https:\/\/api.w.org\/{rel}","templated":true}]}}